{"id":57,"date":"2018-10-22T02:31:53","date_gmt":"2018-10-22T00:31:53","guid":{"rendered":"http:\/\/demo.ovathemes.com\/hozing\/?page_id=57"},"modified":"2025-08-16T12:17:20","modified_gmt":"2025-08-16T10:17:20","slug":"startseite","status":"publish","type":"page","link":"https:\/\/haus-kuehl.de\/","title":{"rendered":"Startseite"},"content":{"rendered":"\t\t<div data-elementor-type=\"wp-post\" data-elementor-id=\"57\" class=\"elementor elementor-57\">\n\t\t\t\t\t\t<section class=\"elementor-section elementor-top-section elementor-element elementor-element-f88641c elementor-section-full_width elementor-section-height-default elementor-section-height-default\" data-id=\"f88641c\" data-element_type=\"section\">\n\t\t\t\t\t\t<div class=\"elementor-container elementor-column-gap-no\">\n\t\t\t\t\t<div class=\"elementor-column elementor-col-100 elementor-top-column elementor-element elementor-element-13937cf\" data-id=\"13937cf\" data-element_type=\"column\">\n\t\t\t<div class=\"elementor-widget-wrap\">\n\t\t\t\t\t\t\t<\/div>\n\t\t<\/div>\n\t\t\t\t\t<\/div>\n\t\t<\/section>\n\t\t\t\t<section class=\"elementor-section elementor-top-section elementor-element elementor-element-95b05a6 elementor-section-boxed elementor-section-height-default elementor-section-height-default\" data-id=\"95b05a6\" data-element_type=\"section\">\n\t\t\t\t\t\t<div class=\"elementor-container elementor-column-gap-default\">\n\t\t\t\t\t<div class=\"elementor-column elementor-col-100 elementor-top-column elementor-element elementor-element-aaaf1fb\" data-id=\"aaaf1fb\" data-element_type=\"column\">\n\t\t\t<div class=\"elementor-widget-wrap elementor-element-populated\">\n\t\t\t\t\t\t<div class=\"elementor-element elementor-element-ca9b93e elementor-widget elementor-widget-spacer\" data-id=\"ca9b93e\" data-element_type=\"widget\" data-widget_type=\"spacer.default\">\n\t\t\t\t<div class=\"elementor-widget-container\">\n\t\t\t\t\t<div class=\"elementor-spacer\">\n\t\t\t<div class=\"elementor-spacer-inner\"><\/div>\n\t\t<\/div>\n\t\t\t\t<\/div>\n\t\t\t\t<\/div>\n\t\t\t\t\t<\/div>\n\t\t<\/div>\n\t\t\t\t\t<\/div>\n\t\t<\/section>\n\t\t\t\t<section class=\"elementor-section elementor-top-section elementor-element elementor-element-7c868b1 elementor-section-boxed elementor-section-height-default elementor-section-height-default\" data-id=\"7c868b1\" data-element_type=\"section\">\n\t\t\t\t\t\t<div class=\"elementor-container elementor-column-gap-default\">\n\t\t\t\t\t<div class=\"elementor-column elementor-col-100 elementor-top-column elementor-element elementor-element-49df2b0\" data-id=\"49df2b0\" data-element_type=\"column\">\n\t\t\t<div class=\"elementor-widget-wrap elementor-element-populated\">\n\t\t\t\t\t\t<div class=\"elementor-element elementor-element-2fa9243 elementor-widget elementor-widget-heading\" data-id=\"2fa9243\" data-element_type=\"widget\" data-widget_type=\"heading.default\">\n\t\t\t\t<div class=\"elementor-widget-container\">\n\t\t\t<h2 class=\"elementor-heading-title elementor-size-default\">Herzlich Willkommen<\/h2>\t\t<\/div>\n\t\t\t\t<\/div>\n\t\t\t\t<div class=\"elementor-element elementor-element-d5cafa7 animated-slow elementor-invisible elementor-widget elementor-widget-ova_slideshow\" data-id=\"d5cafa7\" data-element_type=\"widget\" data-settings=\"{&quot;_animation&quot;:&quot;fadeIn&quot;,&quot;_animation_delay&quot;:1000}\" data-widget_type=\"ova_slideshow.default\">\n\t\t\t\t<div class=\"elementor-widget-container\">\n\t\t\t\t\t<div class=\"ova_slideshow elementor-slides-wrapper dots_style \" dir=\"ltr\">\n\t\t\t<div class=\"elementor-slides owl-carousel owl-theme owl-loaded arrows-inside arrows-show-hover dots-bottom animated owl-animated-out owl-animated-in\" data-owl_carousel=\"{&quot;items&quot;:1,&quot;singleItem&quot;:1,&quot;autoplayTimeout&quot;:6000,&quot;autoplay&quot;:true,&quot;loop&quot;:true,&quot;lazyLoad&quot;:true,&quot;nav&quot;:true,&quot;dots&quot;:true,&quot;rtl&quot;:false,&quot;dotsClass&quot;:&quot;owl-dots&quot;,&quot;navText&quot;:[&quot;&lt;i class=\\&quot;fa fa-angle-left\\&quot; aria-hidden=\\&quot;true\\&quot;&gt;&lt;\\\/i&gt;&quot;,&quot;&lt;i class=\\&quot;fa fa-angle-right\\&quot; aria-hidden=\\&quot;true\\&quot;&gt;&lt;\\\/i&gt;&quot;]}\">\n\t\t\t\t<div class=\" elementor-repeater-item-c9bdfc1 items\" data-dot=\" <div>Slide 1<\/div> <button><span><\/span><\/button>\"><div class=\" slide-bg\" ><\/div>\n\t\t\t\t\t\t\t<div class=\"slide-inner\"><div class=\"container\"><div class=\"row\"><div class=\"elementor-slide-content\"><div data-animation=\"fadeIn\" data-animation_dur=\"500\" class=\"second_font elementor-slide-subtitle\" style=\"animation-duration: 500ms\">Haus K\u00fchl \"G\u00e4stehaus Seeb\u00e4r\"<\/div><div data-animation=\"fadeIn\" data-animation_dur=\"500\"  class=\"second_font elementor-slide-title \" style=\"animation-duration: 500ms\">Willkommen im Ostseeheilbad Gr\u00f6mitz.<\/div><div class=\"elementor-slide-description\"><\/div><a href=\"https:\/\/haus-kuehl.de\/?page_id=7036\" data-animation=\"fadeIn\" data-animation_dur=\"500\" style=\"animation-duration: 500ms\" class=\"elementor-slide-button \">Wohnung entdecken<\/a><\/div><\/div><\/div><\/div><\/div>\t\t\t<\/div>\n\t\t<\/div>\n\t\t\t\t<\/div>\n\t\t\t\t<\/div>\n\t\t\t\t<div class=\"elementor-element elementor-element-ac1de87 elementor-widget-divider--view-line elementor-widget elementor-widget-divider\" data-id=\"ac1de87\" data-element_type=\"widget\" data-widget_type=\"divider.default\">\n\t\t\t\t<div class=\"elementor-widget-container\">\n\t\t\t\t\t<div class=\"elementor-divider\">\n\t\t\t<span class=\"elementor-divider-separator\">\n\t\t\t\t\t\t<\/span>\n\t\t<\/div>\n\t\t\t\t<\/div>\n\t\t\t\t<\/div>\n\t\t\t\t<div class=\"elementor-element elementor-element-eece2f5 elementor-widget elementor-widget-text-editor\" data-id=\"eece2f5\" data-element_type=\"widget\" data-widget_type=\"text-editor.default\">\n\t\t\t\t<div class=\"elementor-widget-container\">\n\t\t\t\t\t\t\t<p style=\"font-weight: 400; text-align: center;\">Hallo, liebe Urlauber<br \/>Urlaub ist f\u00fcr jeden Menschen eine ganz besonders wichtige Zeit.<br \/>Erholung und Entspannung sollen helfen, die hektische Betriebsamkeit des\u00a0<br \/>Alltags zu vergessen. Verbringen Sie ein paar sch\u00f6ne Tage in gem\u00fctlicher\u00a0<br \/>Atmosph\u00e4re in unserem Hause.\u00a0<span style=\"letter-spacing: 0px;\">Wir freuen uns auf Sie!<\/span><\/p><p style=\"font-weight: 400; text-align: center;\"><span style=\"letter-spacing: 0px;\">Wir bieten Ihnen in unserem &#8222;Haus K\u00fchl&#8220; sowie im G\u00e4stehaus &#8222;Seeb\u00e4r&#8220;<br \/><\/span><span style=\"letter-spacing: 0px;\">\u00a0in 6 Ferienwohnungen alles,\u00a0<\/span><span style=\"letter-spacing: 0px;\">was Sie und Ihre Familie f\u00fcr<br \/>\u00a0einen rundum gelungenen Urlaub brauchen.<\/span><\/p><p style=\"font-weight: 400; text-align: center;\">Wir k\u00fcmmern uns um Sie!<\/p>\t\t\t\t\t\t<\/div>\n\t\t\t\t<\/div>\n\t\t\t\t\t<\/div>\n\t\t<\/div>\n\t\t\t\t\t<\/div>\n\t\t<\/section>\n\t\t\t\t<section class=\"elementor-section elementor-top-section elementor-element elementor-element-17d39ed elementor-section-boxed elementor-section-height-default elementor-section-height-default\" data-id=\"17d39ed\" data-element_type=\"section\">\n\t\t\t\t\t\t<div class=\"elementor-container elementor-column-gap-default\">\n\t\t\t\t\t<div class=\"elementor-column elementor-col-100 elementor-top-column elementor-element elementor-element-c407f3a\" data-id=\"c407f3a\" data-element_type=\"column\">\n\t\t\t<div class=\"elementor-widget-wrap elementor-element-populated\">\n\t\t\t\t\t\t<div class=\"elementor-element elementor-element-a08ef8e elementor-widget elementor-widget-spacer\" data-id=\"a08ef8e\" data-element_type=\"widget\" data-widget_type=\"spacer.default\">\n\t\t\t\t<div class=\"elementor-widget-container\">\n\t\t\t\t\t<div class=\"elementor-spacer\">\n\t\t\t<div class=\"elementor-spacer-inner\"><\/div>\n\t\t<\/div>\n\t\t\t\t<\/div>\n\t\t\t\t<\/div>\n\t\t\t\t\t<\/div>\n\t\t<\/div>\n\t\t\t\t\t<\/div>\n\t\t<\/section>\n\t\t\t\t<section class=\"elementor-section elementor-top-section elementor-element elementor-element-ffa6fa9 elementor-section-boxed elementor-section-height-default elementor-section-height-default\" data-id=\"ffa6fa9\" data-element_type=\"section\" data-settings=\"{&quot;background_background&quot;:&quot;classic&quot;}\">\n\t\t\t\t\t\t\t<div class=\"elementor-background-overlay\"><\/div>\n\t\t\t\t\t\t\t<div class=\"elementor-container elementor-column-gap-default\">\n\t\t\t\t\t<div class=\"elementor-column elementor-col-25 elementor-top-column elementor-element elementor-element-bc58355\" data-id=\"bc58355\" data-element_type=\"column\" data-settings=\"{&quot;animation&quot;:&quot;none&quot;}\">\n\t\t\t<div class=\"elementor-widget-wrap elementor-element-populated\">\n\t\t\t\t\t\t<div class=\"elementor-element elementor-element-1aa1acb elementor-widget elementor-widget-ova_service\" data-id=\"1aa1acb\" data-element_type=\"widget\" data-widget_type=\"ova_service.default\">\n\t\t\t\t<div class=\"elementor-widget-container\">\n\t\t\t\t\t\t<div class=\"ova-service service_version_5\" style=\"background-image: url(); \">\n\t\t\t\t<a href=\"\"  class=\"overlay \">\n\t\t\t\t\t<div class=\"content\">\n\t\t\t\t\t\t<div class=\"icon-service\">\n\t\t\t\t\t\t\t<i class=\"fas fa-utensils\"><\/i>\n\t\t\t\t\t\t<\/div>\n\t\t\t\t\t\t<h3 class=\"service-title second_font\">Restaurants<\/h3>\n\t\t\t\t\t\t\t\t\t\t\t\t\t<p class=\"service-desc\">Mehrere Restaurants & B\u00e4cker in unmittelbarer N\u00e4he.<\/p>\n\t\t\t\t\t\t\t\t\t\t\t<\/div>\n\t\t\t\t<\/a>\n\t\t\t<\/div>\n\n\t\t\t\t<\/div>\n\t\t\t\t<\/div>\n\t\t\t\t\t<\/div>\n\t\t<\/div>\n\t\t\t\t<div class=\"elementor-column elementor-col-25 elementor-top-column elementor-element elementor-element-e18fce8\" data-id=\"e18fce8\" data-element_type=\"column\">\n\t\t\t<div class=\"elementor-widget-wrap elementor-element-populated\">\n\t\t\t\t\t\t<div class=\"elementor-element elementor-element-e7f5c43 elementor-widget elementor-widget-ova_service\" data-id=\"e7f5c43\" data-element_type=\"widget\" data-settings=\"{&quot;active_background_mobile_ver_5&quot;:&quot;no&quot;}\" data-widget_type=\"ova_service.default\">\n\t\t\t\t<div class=\"elementor-widget-container\">\n\t\t\t\t\t\t<div class=\"ova-service service_version_5\" style=\"background-image: url(); \">\n\t\t\t\t<a href=\"\"  class=\"overlay \">\n\t\t\t\t\t<div class=\"content\">\n\t\t\t\t\t\t<div class=\"icon-service\">\n\t\t\t\t\t\t\t<i class=\"fas fa-umbrella-beach\"><\/i>\n\t\t\t\t\t\t<\/div>\n\t\t\t\t\t\t<h3 class=\"service-title second_font\">Strandn\u00e4he<\/h3>\n\t\t\t\t\t\t\t\t\t\t\t\t\t<p class=\"service-desc\">Nur wenige Meter bis zum Strand und zur Seebr\u00fccke.<\/p>\n\t\t\t\t\t\t\t\t\t\t\t<\/div>\n\t\t\t\t<\/a>\n\t\t\t<\/div>\n\n\t\t\t\t<\/div>\n\t\t\t\t<\/div>\n\t\t\t\t\t<\/div>\n\t\t<\/div>\n\t\t\t\t<div class=\"elementor-column elementor-col-25 elementor-top-column elementor-element elementor-element-3485c26\" data-id=\"3485c26\" data-element_type=\"column\">\n\t\t\t<div class=\"elementor-widget-wrap elementor-element-populated\">\n\t\t\t\t\t\t<div class=\"elementor-element elementor-element-143e3d8 elementor-widget elementor-widget-ova_service\" data-id=\"143e3d8\" data-element_type=\"widget\" data-settings=\"{&quot;active_background_ver_5&quot;:&quot;no&quot;,&quot;active_background_mobile_ver_5&quot;:&quot;no&quot;}\" data-widget_type=\"ova_service.default\">\n\t\t\t\t<div class=\"elementor-widget-container\">\n\t\t\t\t\t\t<div class=\"ova-service service_version_5\" style=\"background-image: url(); \">\n\t\t\t\t<a href=\"\"  class=\"overlay \">\n\t\t\t\t\t<div class=\"content\">\n\t\t\t\t\t\t<div class=\"icon-service\">\n\t\t\t\t\t\t\t<i class=\"fas fa-walking\"><\/i>\n\t\t\t\t\t\t<\/div>\n\t\t\t\t\t\t<h3 class=\"service-title second_font\">Fu\u00dfg\u00e4ngerzone<\/h3>\n\t\t\t\t\t\t\t\t\t\t\t\t\t<p class=\"service-desc\">Gr\u00f6mitzer Fu\u00dfg\u00e4ngerzone nur wenige Meter entfernt.<\/p>\n\t\t\t\t\t\t\t\t\t\t\t<\/div>\n\t\t\t\t<\/a>\n\t\t\t<\/div>\n\n\t\t\t\t<\/div>\n\t\t\t\t<\/div>\n\t\t\t\t\t<\/div>\n\t\t<\/div>\n\t\t\t\t<div class=\"elementor-column elementor-col-25 elementor-top-column elementor-element elementor-element-8a3cdd5\" data-id=\"8a3cdd5\" data-element_type=\"column\">\n\t\t\t<div class=\"elementor-widget-wrap elementor-element-populated\">\n\t\t\t\t\t\t<div class=\"elementor-element elementor-element-fe9daac elementor-widget elementor-widget-ova_service\" data-id=\"fe9daac\" data-element_type=\"widget\" data-settings=\"{&quot;active_background_mobile_ver_5&quot;:&quot;no&quot;}\" data-widget_type=\"ova_service.default\">\n\t\t\t\t<div class=\"elementor-widget-container\">\n\t\t\t\t\t\t<div class=\"ova-service service_version_5\" style=\"background-image: url(); \">\n\t\t\t\t<a href=\"\"  class=\"overlay \">\n\t\t\t\t\t<div class=\"content\">\n\t\t\t\t\t\t<div class=\"icon-service\">\n\t\t\t\t\t\t\t<i class=\"fas fa-shopping-bag\"><\/i>\n\t\t\t\t\t\t<\/div>\n\t\t\t\t\t\t<h3 class=\"service-title second_font\">Shopping<\/h3>\n\t\t\t\t\t\t\t\t\t\t\t\t\t<p class=\"service-desc\">Zahlreiche Gesch\u00e4fte & Superm\u00e4rkte in der Umgebung.<\/p>\n\t\t\t\t\t\t\t\t\t\t\t<\/div>\n\t\t\t\t<\/a>\n\t\t\t<\/div>\n\n\t\t\t\t<\/div>\n\t\t\t\t<\/div>\n\t\t\t\t\t<\/div>\n\t\t<\/div>\n\t\t\t\t\t<\/div>\n\t\t<\/section>\n\t\t\t\t<section class=\"elementor-section elementor-top-section elementor-element elementor-element-74e7989 elementor-section-boxed elementor-section-height-default elementor-section-height-default\" data-id=\"74e7989\" data-element_type=\"section\">\n\t\t\t\t\t\t<div class=\"elementor-container elementor-column-gap-default\">\n\t\t\t\t\t<div class=\"elementor-column elementor-col-100 elementor-top-column elementor-element elementor-element-252acca\" data-id=\"252acca\" data-element_type=\"column\">\n\t\t\t<div class=\"elementor-widget-wrap elementor-element-populated\">\n\t\t\t\t\t\t<div class=\"elementor-element elementor-element-f3d417e elementor-widget elementor-widget-spacer\" data-id=\"f3d417e\" data-element_type=\"widget\" data-widget_type=\"spacer.default\">\n\t\t\t\t<div class=\"elementor-widget-container\">\n\t\t\t\t\t<div class=\"elementor-spacer\">\n\t\t\t<div class=\"elementor-spacer-inner\"><\/div>\n\t\t<\/div>\n\t\t\t\t<\/div>\n\t\t\t\t<\/div>\n\t\t\t\t\t<\/div>\n\t\t<\/div>\n\t\t\t\t\t<\/div>\n\t\t<\/section>\n\t\t\t\t<section class=\"elementor-section elementor-top-section elementor-element elementor-element-ae6c4b9 elementor-section-boxed elementor-section-height-default elementor-section-height-default\" data-id=\"ae6c4b9\" data-element_type=\"section\">\n\t\t\t\t\t\t<div class=\"elementor-container elementor-column-gap-default\">\n\t\t\t\t\t<div class=\"elementor-column elementor-col-100 elementor-top-column elementor-element elementor-element-9201d7d\" data-id=\"9201d7d\" data-element_type=\"column\">\n\t\t\t<div class=\"elementor-widget-wrap elementor-element-populated\">\n\t\t\t\t\t\t<div class=\"elementor-element elementor-element-12865d9 elementor-widget elementor-widget-heading\" data-id=\"12865d9\" data-element_type=\"widget\" data-widget_type=\"heading.default\">\n\t\t\t\t<div class=\"elementor-widget-container\">\n\t\t\t<h2 class=\"elementor-heading-title elementor-size-default\">Lastminute Angebote<\/h2>\t\t<\/div>\n\t\t\t\t<\/div>\n\t\t\t\t<div class=\"elementor-element elementor-element-2f510ff elementor-align-center elementor-widget elementor-widget-button\" data-id=\"2f510ff\" data-element_type=\"widget\" data-widget_type=\"button.default\">\n\t\t\t\t<div class=\"elementor-widget-container\">\n\t\t\t\t\t<div class=\"elementor-button-wrapper\">\n\t\t\t<a class=\"elementor-button elementor-button-link elementor-size-md\" href=\"https:\/\/haus-kuehl.de\/?page_id=8452\">\n\t\t\t\t\t\t<span class=\"elementor-button-content-wrapper\">\n\t\t\t\t\t\t\t\t\t<span class=\"elementor-button-text\">Entdecken<\/span>\n\t\t\t\t\t<\/span>\n\t\t\t\t\t<\/a>\n\t\t<\/div>\n\t\t\t\t<\/div>\n\t\t\t\t<\/div>\n\t\t\t\t\t<\/div>\n\t\t<\/div>\n\t\t\t\t\t<\/div>\n\t\t<\/section>\n\t\t\t\t<section class=\"elementor-section elementor-top-section elementor-element elementor-element-d446c7a elementor-section-boxed elementor-section-height-default elementor-section-height-default\" data-id=\"d446c7a\" data-element_type=\"section\">\n\t\t\t\t\t\t<div class=\"elementor-container elementor-column-gap-default\">\n\t\t\t\t\t<div class=\"elementor-column elementor-col-100 elementor-top-column elementor-element elementor-element-420729d\" data-id=\"420729d\" data-element_type=\"column\">\n\t\t\t<div class=\"elementor-widget-wrap elementor-element-populated\">\n\t\t\t\t\t\t<div class=\"elementor-element elementor-element-517f178 elementor-widget elementor-widget-spacer\" data-id=\"517f178\" data-element_type=\"widget\" data-widget_type=\"spacer.default\">\n\t\t\t\t<div class=\"elementor-widget-container\">\n\t\t\t\t\t<div class=\"elementor-spacer\">\n\t\t\t<div class=\"elementor-spacer-inner\"><\/div>\n\t\t<\/div>\n\t\t\t\t<\/div>\n\t\t\t\t<\/div>\n\t\t\t\t\t<\/div>\n\t\t<\/div>\n\t\t\t\t\t<\/div>\n\t\t<\/section>\n\t\t\t\t<\/div>\n\t\t","protected":false},"excerpt":{"rendered":"<p>Herzlich Willkommen Slide 1 &#8222;> Haus K\u00fchl &#8222;G\u00e4stehaus Seeb\u00e4r&#8220;Willkommen im Ostseeheilbad Gr\u00f6mitz.Wohnung entdecken Hallo, liebe UrlauberUrlaub ist f\u00fcr jeden Menschen eine ganz besonders wichtige Zeit.Erholung und Entspannung sollen helfen, die hektische Betriebsamkeit des\u00a0Alltags zu vergessen. Verbringen Sie ein paar sch\u00f6ne Tage in gem\u00fctlicher\u00a0Atmosph\u00e4re in unserem Hause.\u00a0Wir freuen uns auf Sie! Wir bieten Ihnen in unserem [&hellip;]<\/p>\n","protected":false},"author":1,"featured_media":0,"parent":0,"menu_order":0,"comment_status":"closed","ping_status":"closed","template":"elementor_header_footer","meta":{"footnotes":""},"class_list":["post-57","page","type-page","status-publish","hentry"],"_links":{"self":[{"href":"https:\/\/haus-kuehl.de\/index.php?rest_route=\/wp\/v2\/pages\/57","targetHints":{"allow":["GET"]}}],"collection":[{"href":"https:\/\/haus-kuehl.de\/index.php?rest_route=\/wp\/v2\/pages"}],"about":[{"href":"https:\/\/haus-kuehl.de\/index.php?rest_route=\/wp\/v2\/types\/page"}],"author":[{"embeddable":true,"href":"https:\/\/haus-kuehl.de\/index.php?rest_route=\/wp\/v2\/users\/1"}],"replies":[{"embeddable":true,"href":"https:\/\/haus-kuehl.de\/index.php?rest_route=%2Fwp%2Fv2%2Fcomments&post=57"}],"version-history":[{"count":383,"href":"https:\/\/haus-kuehl.de\/index.php?rest_route=\/wp\/v2\/pages\/57\/revisions"}],"predecessor-version":[{"id":9510,"href":"https:\/\/haus-kuehl.de\/index.php?rest_route=\/wp\/v2\/pages\/57\/revisions\/9510"}],"wp:attachment":[{"href":"https:\/\/haus-kuehl.de\/index.php?rest_route=%2Fwp%2Fv2%2Fmedia&parent=57"}],"curies":[{"name":"wp","href":"https:\/\/api.w.org\/{rel}","templated":true}]}}